{"id":2334,"date":"2020-04-23T13:46:17","date_gmt":"2020-04-23T12:46:17","guid":{"rendered":"https:\/\/coursdesurf.com\/?page_id=2334"},"modified":"2020-06-23T14:03:07","modified_gmt":"2020-06-23T13:03:07","slug":"medias","status":"publish","type":"page","link":"https:\/\/coursdesurf.com\/en\/medias\/","title":{"rendered":"Media"},"content":{"rendered":"<div class=\"epyt-gallery\" data-currpage=\"1\" id=\"epyt_gallery_68436\"><div class=\"epyt-video-wrapper\"><iframe loading=\"lazy\"  id=\"_ytid_73757\"  width=\"480\" height=\"270\"  data-origwidth=\"480\" data-origheight=\"270\"  data-relstop=\"1\" src=\"https:\/\/www.youtube.com\/embed\/ULHXyXz1XpU?enablejsapi=1&autoplay=0&cc_load_policy=0&cc_lang_pref=&iv_load_policy=1&loop=0&rel=0&fs=1&playsinline=0&autohide=2&theme=dark&color=red&controls=1&\" class=\"__youtube_prefs__  no-lazyload\" title=\"YouTube player\"  data-epytgalleryid=\"epyt_gallery_68436\"  allow=\"fullscreen; accelerometer; autoplay; clipboard-write; encrypted-media; gyroscope; picture-in-picture\" allowfullscreen data-no-lazy=\"1\" data-skipgform_ajax_framebjll=\"\"><\/iframe><\/div><div class=\"epyt-gallery-list\"><div class=\"epyt-pagination \"><div tabindex=\"0\" role=\"button\" class=\"epyt-pagebutton epyt-prev  hide \" data-playlistid=\"UUDw2W7hQhonZGFIEkxHClzg\" data-pagesize=\"3\" data-pagetoken=\"\" data-epcolumns=\"3\" data-showtitle=\"1\" data-showpaging=\"1\" data-autonext=\"0\" data-thumbplay=\"1\"><div class=\"epyt-arrow\">&laquo;<\/div> <div>Prev<\/div><\/div><div class=\"epyt-pagenumbers \"><div class=\"epyt-current\">1<\/div><div class=\"epyt-pageseparator\"> \/ <\/div><div class=\"epyt-totalpages\">3<\/div><\/div><div tabindex=\"0\" role=\"button\" class=\"epyt-pagebutton epyt-next\" data-playlistid=\"UUDw2W7hQhonZGFIEkxHClzg\" data-pagesize=\"3\" data-pagetoken=\"EAAaHlBUOkNBTWlFRVF3UVRCRlJqa3pSRU5GTlRjME1rSQ\" data-epcolumns=\"3\" data-showtitle=\"1\" data-showpaging=\"1\" data-autonext=\"0\" data-thumbplay=\"1\"><div>Next<\/div> <div class=\"epyt-arrow\">&raquo;<\/div><\/div><div class=\"epyt-loader\"><img loading=\"lazy\" decoding=\"async\" alt=\"loading\" width=\"16\" height=\"11\" src=\"https:\/\/coursdesurf.com\/wp-content\/plugins\/youtube-embed-plus\/images\/gallery-page-loader.gif\"><\/div><\/div><div class=\"epyt-gallery-allthumbs  epyt-cols-3 \"><div tabindex=\"0\" role=\"button\" data-videoid=\"ULHXyXz1XpU\" class=\"epyt-gallery-thumb\"><div class=\"epyt-gallery-img-box\"><div class=\"epyt-gallery-img\" style=\"background-image: url(https:\/\/i.ytimg.com\/vi\/ULHXyXz1XpU\/hqdefault.jpg)\"><div class=\"epyt-gallery-playhover\"><img loading=\"lazy\" decoding=\"async\" alt=\"play\" class=\"epyt-play-img\" width=\"30\" height=\"23\" src=\"https:\/\/coursdesurf.com\/wp-content\/plugins\/youtube-embed-plus\/images\/playhover.png\" data-no-lazy=\"1\" data-skipgform_ajax_framebjll=\"\" \/><div class=\"epyt-gallery-playcrutch\"><\/div><\/div><\/div><\/div><div class=\"epyt-gallery-title\">\u00e9cole de Surf Aquality School, cours et stages de surf sur la c\u00f4te basque pour tous les niveaux.<\/div><\/div><div tabindex=\"0\" role=\"button\" data-videoid=\"fWNSrBVeIk8\" class=\"epyt-gallery-thumb\"><div class=\"epyt-gallery-img-box\"><div class=\"epyt-gallery-img\" style=\"background-image: url(https:\/\/i.ytimg.com\/vi\/fWNSrBVeIk8\/hqdefault.jpg)\"><div class=\"epyt-gallery-playhover\"><img loading=\"lazy\" decoding=\"async\" alt=\"play\" class=\"epyt-play-img\" width=\"30\" height=\"23\" src=\"https:\/\/coursdesurf.com\/wp-content\/plugins\/youtube-embed-plus\/images\/playhover.png\" data-no-lazy=\"1\" data-skipgform_ajax_framebjll=\"\" \/><div class=\"epyt-gallery-playcrutch\"><\/div><\/div><\/div><\/div><div class=\"epyt-gallery-title\">AqualitySchool\uf022Cours de surf perfectionnement enfant \u00e0 Hendaye<\/div><\/div><div tabindex=\"0\" role=\"button\" data-videoid=\"wHwYw3yKwC0\" class=\"epyt-gallery-thumb\"><div class=\"epyt-gallery-img-box\"><div class=\"epyt-gallery-img\" style=\"background-image: url(https:\/\/i.ytimg.com\/vi\/wHwYw3yKwC0\/hqdefault.jpg)\"><div class=\"epyt-gallery-playhover\"><img loading=\"lazy\" decoding=\"async\" alt=\"play\" class=\"epyt-play-img\" width=\"30\" height=\"23\" src=\"https:\/\/coursdesurf.com\/wp-content\/plugins\/youtube-embed-plus\/images\/playhover.png\" data-no-lazy=\"1\" data-skipgform_ajax_framebjll=\"\" \/><div class=\"epyt-gallery-playcrutch\"><\/div><\/div><\/div><\/div><div class=\"epyt-gallery-title\">AqualitySchool\uf022Cours de Surf Adulte\uf022Redressement dans la vague tourn\u00e9e frontside<\/div><\/div><div class=\"epyt-gallery-rowbreak\"><\/div><div class=\"epyt-gallery-clear\"><\/div><\/div><div class=\"epyt-pagination \"><div tabindex=\"0\" role=\"button\" class=\"epyt-pagebutton epyt-prev  hide \" data-playlistid=\"UUDw2W7hQhonZGFIEkxHClzg\" data-pagesize=\"3\" data-pagetoken=\"\" data-epcolumns=\"3\" data-showtitle=\"1\" data-showpaging=\"1\" data-autonext=\"0\" data-thumbplay=\"1\"><div class=\"epyt-arrow\">&laquo;<\/div> <div>Prev<\/div><\/div><div class=\"epyt-pagenumbers \"><div class=\"epyt-current\">1<\/div><div class=\"epyt-pageseparator\"> \/ <\/div><div class=\"epyt-totalpages\">3<\/div><\/div><div tabindex=\"0\" role=\"button\" class=\"epyt-pagebutton epyt-next\" data-playlistid=\"UUDw2W7hQhonZGFIEkxHClzg\" data-pagesize=\"3\" data-pagetoken=\"EAAaHlBUOkNBTWlFRVF3UVRCRlJqa3pSRU5GTlRjME1rSQ\" data-epcolumns=\"3\" data-showtitle=\"1\" data-showpaging=\"1\" data-autonext=\"0\" data-thumbplay=\"1\"><div>Next<\/div> <div class=\"epyt-arrow\">&raquo;<\/div><\/div><div class=\"epyt-loader\"><img loading=\"lazy\" decoding=\"async\" alt=\"loading\" width=\"16\" height=\"11\" src=\"https:\/\/coursdesurf.com\/wp-content\/plugins\/youtube-embed-plus\/images\/gallery-page-loader.gif\"><\/div><\/div><\/div><\/div>\n\n\t\t<style type=\"text\/css\">\n\t\t\t#gallery-1 {\n\t\t\t\tmargin: auto;\n\t\t\t}\n\t\t\t#gallery-1 .gallery-item {\n\t\t\t\tfloat: left;\n\t\t\t\tmargin-top: 10px;\n\t\t\t\ttext-align: center;\n\t\t\t\twidth: 25%;\n\t\t\t}\n\t\t\t#gallery-1 img {\n\t\t\t\tborder: 2px solid #cfcfcf;\n\t\t\t}\n\t\t\t#gallery-1 .gallery-caption {\n\t\t\t\tmargin-left: 0;\n\t\t\t}\n\t\t\t\/* see gallery_shortcode() in wp-includes\/media.php *\/\n\t\t<\/style>\n\t\t<div id='gallery-1' class='gallery galleryid-2334 gallery-columns-4 gallery-size-thumbnail'><dl class='gallery-item'>\n\t\t\t<dt class='gallery-icon landscape'>\n\t\t\t\t<a href='https:\/\/coursdesurf.com\/wp-content\/uploads\/2020\/06\/aqualityschool_plongee_snorkeling_01.jpg'><img loading=\"lazy\" decoding=\"async\" width=\"400\" height=\"400\" src=\"https:\/\/coursdesurf.com\/wp-content\/uploads\/2020\/06\/aqualityschool_plongee_snorkeling_01-400x400.jpg\" class=\"attachment-thumbnail size-thumbnail\" alt=\"Aquality \u00e9cole de plong\u00e9e sur la c\u00f4te basque\" srcset=\"https:\/\/coursdesurf.com\/wp-content\/uploads\/2020\/06\/aqualityschool_plongee_snorkeling_01-400x400.jpg 400w, https:\/\/coursdesurf.com\/wp-content\/uploads\/2020\/06\/aqualityschool_plongee_snorkeling_01-450x450.jpg 450w, https:\/\/coursdesurf.com\/wp-content\/uploads\/2020\/06\/aqualityschool_plongee_snorkeling_01-100x100.jpg 100w\" sizes=\"auto, (max-width: 400px) 100vw, 400px\" \/><\/a>\n\t\t\t<\/dt><\/dl><dl class='gallery-item'>\n\t\t\t<dt class='gallery-icon landscape'>\n\t\t\t\t<a href='https:\/\/coursdesurf.com\/wp-content\/uploads\/2020\/06\/aqualityschool_bodyboard_02.jpg'><img loading=\"lazy\" decoding=\"async\" width=\"400\" height=\"388\" src=\"https:\/\/coursdesurf.com\/wp-content\/uploads\/2020\/06\/aqualityschool_bodyboard_02-400x388.jpg\" class=\"attachment-thumbnail size-thumbnail\" alt=\"Un bodyboard dans les vagues du Pays Basque\" \/><\/a>\n\t\t\t<\/dt><\/dl><dl class='gallery-item'>\n\t\t\t<dt class='gallery-icon landscape'>\n\t\t\t\t<a href='https:\/\/coursdesurf.com\/wp-content\/uploads\/2020\/06\/aqualityschool_bodysurf_01.jpg'><img loading=\"lazy\" decoding=\"async\" width=\"400\" height=\"400\" src=\"https:\/\/coursdesurf.com\/wp-content\/uploads\/2020\/06\/aqualityschool_bodysurf_01-400x400.jpg\" class=\"attachment-thumbnail size-thumbnail\" alt=\"Ecole de surf au pays basque pour stage d&#039;\u00e9t\u00e9 de surf au Pays Basque\" srcset=\"https:\/\/coursdesurf.com\/wp-content\/uploads\/2020\/06\/aqualityschool_bodysurf_01-400x400.jpg 400w, https:\/\/coursdesurf.com\/wp-content\/uploads\/2020\/06\/aqualityschool_bodysurf_01-450x450.jpg 450w, https:\/\/coursdesurf.com\/wp-content\/uploads\/2020\/06\/aqualityschool_bodysurf_01-100x100.jpg 100w\" sizes=\"auto, (max-width: 400px) 100vw, 400px\" \/><\/a>\n\t\t\t<\/dt><\/dl><dl class='gallery-item'>\n\t\t\t<dt class='gallery-icon landscape'>\n\t\t\t\t<a href='https:\/\/coursdesurf.com\/wp-content\/uploads\/2020\/06\/aqualityschool_bodyboard_05.jpg'><img loading=\"lazy\" decoding=\"async\" width=\"400\" height=\"400\" src=\"https:\/\/coursdesurf.com\/wp-content\/uploads\/2020\/06\/aqualityschool_bodyboard_05-400x400.jpg\" class=\"attachment-thumbnail size-thumbnail\" alt=\"Saut dans les vagues en bodyboard\" srcset=\"https:\/\/coursdesurf.com\/wp-content\/uploads\/2020\/06\/aqualityschool_bodyboard_05-400x400.jpg 400w, https:\/\/coursdesurf.com\/wp-content\/uploads\/2020\/06\/aqualityschool_bodyboard_05-100x100.jpg 100w\" sizes=\"auto, (max-width: 400px) 100vw, 400px\" \/><\/a>\n\t\t\t<\/dt><\/dl><br style=\"clear: both\" \/><dl class='gallery-item'>\n\t\t\t<dt class='gallery-icon landscape'>\n\t\t\t\t<a href='https:\/\/coursdesurf.com\/wp-content\/uploads\/2020\/06\/aqualityschool_plongee_snorkeling_pt_02.jpg'><img loading=\"lazy\" decoding=\"async\" width=\"400\" height=\"400\" src=\"https:\/\/coursdesurf.com\/wp-content\/uploads\/2020\/06\/aqualityschool_plongee_snorkeling_pt_02-400x400.jpg\" class=\"attachment-thumbnail size-thumbnail\" alt=\"Aquality \u00e9cole de plong\u00e9e sur la c\u00f4te basque\" srcset=\"https:\/\/coursdesurf.com\/wp-content\/uploads\/2020\/06\/aqualityschool_plongee_snorkeling_pt_02-400x400.jpg 400w, https:\/\/coursdesurf.com\/wp-content\/uploads\/2020\/06\/aqualityschool_plongee_snorkeling_pt_02-450x450.jpg 450w, https:\/\/coursdesurf.com\/wp-content\/uploads\/2020\/06\/aqualityschool_plongee_snorkeling_pt_02-100x100.jpg 100w\" sizes=\"auto, (max-width: 400px) 100vw, 400px\" \/><\/a>\n\t\t\t<\/dt><\/dl><dl class='gallery-item'>\n\t\t\t<dt class='gallery-icon landscape'>\n\t\t\t\t<a href='https:\/\/coursdesurf.com\/wp-content\/uploads\/2020\/06\/aqualityschool_surf_fabricesurfeur_02.jpg'><img loading=\"lazy\" decoding=\"async\" width=\"400\" height=\"400\" src=\"https:\/\/coursdesurf.com\/wp-content\/uploads\/2020\/06\/aqualityschool_surf_fabricesurfeur_02-400x400.jpg\" class=\"attachment-thumbnail size-thumbnail\" alt=\"Un surfeur sur les vagues du Pays Basque \u00e0 Bidart\" srcset=\"https:\/\/coursdesurf.com\/wp-content\/uploads\/2020\/06\/aqualityschool_surf_fabricesurfeur_02-400x400.jpg 400w, https:\/\/coursdesurf.com\/wp-content\/uploads\/2020\/06\/aqualityschool_surf_fabricesurfeur_02-450x450.jpg 450w, https:\/\/coursdesurf.com\/wp-content\/uploads\/2020\/06\/aqualityschool_surf_fabricesurfeur_02-100x100.jpg 100w\" sizes=\"auto, (max-width: 400px) 100vw, 400px\" \/><\/a>\n\t\t\t<\/dt><\/dl><dl class='gallery-item'>\n\t\t\t<dt class='gallery-icon landscape'>\n\t\t\t\t<a href='https:\/\/coursdesurf.com\/wp-content\/uploads\/2020\/06\/aqualityschool_surf_portrait_09.jpg'><img loading=\"lazy\" decoding=\"async\" width=\"400\" height=\"400\" src=\"https:\/\/coursdesurf.com\/wp-content\/uploads\/2020\/06\/aqualityschool_surf_portrait_09-400x400.jpg\" class=\"attachment-thumbnail size-thumbnail\" alt=\"Stage de surf pour enfants au Pays basque avec Aquality\" srcset=\"https:\/\/coursdesurf.com\/wp-content\/uploads\/2020\/06\/aqualityschool_surf_portrait_09-400x400.jpg 400w, https:\/\/coursdesurf.com\/wp-content\/uploads\/2020\/06\/aqualityschool_surf_portrait_09-450x450.jpg 450w, https:\/\/coursdesurf.com\/wp-content\/uploads\/2020\/06\/aqualityschool_surf_portrait_09-100x100.jpg 100w\" sizes=\"auto, (max-width: 400px) 100vw, 400px\" \/><\/a>\n\t\t\t<\/dt><\/dl><dl class='gallery-item'>\n\t\t\t<dt class='gallery-icon landscape'>\n\t\t\t\t<a href='https:\/\/coursdesurf.com\/wp-content\/uploads\/2020\/06\/aqualityschool_standup-paddle_01.jpeg'><img loading=\"lazy\" decoding=\"async\" width=\"400\" height=\"400\" src=\"https:\/\/coursdesurf.com\/wp-content\/uploads\/2020\/06\/aqualityschool_standup-paddle_01-400x400.jpeg\" class=\"attachment-thumbnail size-thumbnail\" alt=\"Surfez les vagues basques en Stand-Up Paddle avec Aquality\" srcset=\"https:\/\/coursdesurf.com\/wp-content\/uploads\/2020\/06\/aqualityschool_standup-paddle_01-400x400.jpeg 400w, https:\/\/coursdesurf.com\/wp-content\/uploads\/2020\/06\/aqualityschool_standup-paddle_01-100x100.jpeg 100w\" sizes=\"auto, (max-width: 400px) 100vw, 400px\" \/><\/a>\n\t\t\t<\/dt><\/dl><br style=\"clear: both\" \/><dl class='gallery-item'>\n\t\t\t<dt class='gallery-icon landscape'>\n\t\t\t\t<a href='https:\/\/coursdesurf.com\/wp-content\/uploads\/2020\/06\/aqualityschool_handisurf_03.jpg'><img loading=\"lazy\" decoding=\"async\" width=\"400\" height=\"400\" src=\"https:\/\/coursdesurf.com\/wp-content\/uploads\/2020\/06\/aqualityschool_handisurf_03-400x400.jpg\" class=\"attachment-thumbnail size-thumbnail\" alt=\"Aquality propose des cours de surf adapt\u00e9s\" srcset=\"https:\/\/coursdesurf.com\/wp-content\/uploads\/2020\/06\/aqualityschool_handisurf_03-400x400.jpg 400w, https:\/\/coursdesurf.com\/wp-content\/uploads\/2020\/06\/aqualityschool_handisurf_03-450x450.jpg 450w, https:\/\/coursdesurf.com\/wp-content\/uploads\/2020\/06\/aqualityschool_handisurf_03-100x100.jpg 100w\" sizes=\"auto, (max-width: 400px) 100vw, 400px\" \/><\/a>\n\t\t\t<\/dt><\/dl><dl class='gallery-item'>\n\t\t\t<dt class='gallery-icon landscape'>\n\t\t\t\t<a href='https:\/\/coursdesurf.com\/wp-content\/uploads\/2020\/06\/aqualityschool_bodysurf_00.jpg'><img loading=\"lazy\" decoding=\"async\" width=\"400\" height=\"400\" src=\"https:\/\/coursdesurf.com\/wp-content\/uploads\/2020\/06\/aqualityschool_bodysurf_00-400x400.jpg\" class=\"attachment-thumbnail size-thumbnail\" alt=\"Bodysurf dans les vagues de la c\u00f4te basque\" srcset=\"https:\/\/coursdesurf.com\/wp-content\/uploads\/2020\/06\/aqualityschool_bodysurf_00-400x400.jpg 400w, https:\/\/coursdesurf.com\/wp-content\/uploads\/2020\/06\/aqualityschool_bodysurf_00-450x450.jpg 450w, https:\/\/coursdesurf.com\/wp-content\/uploads\/2020\/06\/aqualityschool_bodysurf_00-100x100.jpg 100w\" sizes=\"auto, (max-width: 400px) 100vw, 400px\" \/><\/a>\n\t\t\t<\/dt><\/dl><dl class='gallery-item'>\n\t\t\t<dt class='gallery-icon landscape'>\n\t\t\t\t<a href='https:\/\/coursdesurf.com\/wp-content\/uploads\/2020\/06\/aqualityschool_plongee_snorkeling_pt_01.jpg'><img loading=\"lazy\" decoding=\"async\" width=\"400\" height=\"400\" src=\"https:\/\/coursdesurf.com\/wp-content\/uploads\/2020\/06\/aqualityschool_plongee_snorkeling_pt_01-400x400.jpg\" class=\"attachment-thumbnail size-thumbnail\" alt=\"Aquality \u00e9cole de plong\u00e9e sur la c\u00f4te basque\" srcset=\"https:\/\/coursdesurf.com\/wp-content\/uploads\/2020\/06\/aqualityschool_plongee_snorkeling_pt_01-400x400.jpg 400w, https:\/\/coursdesurf.com\/wp-content\/uploads\/2020\/06\/aqualityschool_plongee_snorkeling_pt_01-450x450.jpg 450w, https:\/\/coursdesurf.com\/wp-content\/uploads\/2020\/06\/aqualityschool_plongee_snorkeling_pt_01-100x100.jpg 100w\" sizes=\"auto, (max-width: 400px) 100vw, 400px\" \/><\/a>\n\t\t\t<\/dt><\/dl><dl class='gallery-item'>\n\t\t\t<dt class='gallery-icon landscape'>\n\t\t\t\t<a href='https:\/\/coursdesurf.com\/wp-content\/uploads\/2020\/06\/aqualityschool_surf_fabricesurfeur_11.jpg'><img loading=\"lazy\" decoding=\"async\" width=\"400\" height=\"400\" src=\"https:\/\/coursdesurf.com\/wp-content\/uploads\/2020\/06\/aqualityschool_surf_fabricesurfeur_11-400x400.jpg\" class=\"attachment-thumbnail size-thumbnail\" alt=\"Un surfeur sur les vagues du Pays Basque \u00e0 Bidart\" srcset=\"https:\/\/coursdesurf.com\/wp-content\/uploads\/2020\/06\/aqualityschool_surf_fabricesurfeur_11-400x400.jpg 400w, https:\/\/coursdesurf.com\/wp-content\/uploads\/2020\/06\/aqualityschool_surf_fabricesurfeur_11-450x450.jpg 450w, https:\/\/coursdesurf.com\/wp-content\/uploads\/2020\/06\/aqualityschool_surf_fabricesurfeur_11-100x100.jpg 100w\" sizes=\"auto, (max-width: 400px) 100vw, 400px\" \/><\/a>\n\t\t\t<\/dt><\/dl><br style=\"clear: both\" \/><dl class='gallery-item'>\n\t\t\t<dt class='gallery-icon landscape'>\n\t\t\t\t<a href='https:\/\/coursdesurf.com\/wp-content\/uploads\/2020\/06\/aqualityschool_surf_portrait_04.jpg'><img loading=\"lazy\" decoding=\"async\" width=\"400\" height=\"400\" src=\"https:\/\/coursdesurf.com\/wp-content\/uploads\/2020\/06\/aqualityschool_surf_portrait_04-400x400.jpg\" class=\"attachment-thumbnail size-thumbnail\" alt=\"Cours de surf pour enfants \u00e0 Bidart et Gu\u00e9thary\" srcset=\"https:\/\/coursdesurf.com\/wp-content\/uploads\/2020\/06\/aqualityschool_surf_portrait_04-400x400.jpg 400w, https:\/\/coursdesurf.com\/wp-content\/uploads\/2020\/06\/aqualityschool_surf_portrait_04-450x450.jpg 450w, https:\/\/coursdesurf.com\/wp-content\/uploads\/2020\/06\/aqualityschool_surf_portrait_04-100x100.jpg 100w\" sizes=\"auto, (max-width: 400px) 100vw, 400px\" \/><\/a>\n\t\t\t<\/dt><\/dl><dl class='gallery-item'>\n\t\t\t<dt class='gallery-icon landscape'>\n\t\t\t\t<a href='https:\/\/coursdesurf.com\/wp-content\/uploads\/2020\/06\/aqualityschool_surf_portrait_07.jpg'><img loading=\"lazy\" decoding=\"async\" width=\"400\" height=\"400\" src=\"https:\/\/coursdesurf.com\/wp-content\/uploads\/2020\/06\/aqualityschool_surf_portrait_07-400x400.jpg\" class=\"attachment-thumbnail size-thumbnail\" alt=\"Aquality propose des cours de surf au Pays basque tous niveaux\" srcset=\"https:\/\/coursdesurf.com\/wp-content\/uploads\/2020\/06\/aqualityschool_surf_portrait_07-400x400.jpg 400w, https:\/\/coursdesurf.com\/wp-content\/uploads\/2020\/06\/aqualityschool_surf_portrait_07-450x450.jpg 450w, https:\/\/coursdesurf.com\/wp-content\/uploads\/2020\/06\/aqualityschool_surf_portrait_07-100x100.jpg 100w\" sizes=\"auto, (max-width: 400px) 100vw, 400px\" \/><\/a>\n\t\t\t<\/dt><\/dl><dl class='gallery-item'>\n\t\t\t<dt class='gallery-icon portrait'>\n\t\t\t\t<a href='https:\/\/coursdesurf.com\/wp-content\/uploads\/2020\/06\/aqualityschool_surf_portraitii_05.jpg'><img loading=\"lazy\" decoding=\"async\" width=\"400\" height=\"400\" src=\"https:\/\/coursdesurf.com\/wp-content\/uploads\/2020\/06\/aqualityschool_surf_portraitii_05-400x400.jpg\" class=\"attachment-thumbnail size-thumbnail\" alt=\"Apprentissage du surf au pays basque avec Aquality Fabrice Cora\" srcset=\"https:\/\/coursdesurf.com\/wp-content\/uploads\/2020\/06\/aqualityschool_surf_portraitii_05-400x400.jpg 400w, https:\/\/coursdesurf.com\/wp-content\/uploads\/2020\/06\/aqualityschool_surf_portraitii_05-450x450.jpg 450w, https:\/\/coursdesurf.com\/wp-content\/uploads\/2020\/06\/aqualityschool_surf_portraitii_05-100x100.jpg 100w\" sizes=\"auto, (max-width: 400px) 100vw, 400px\" \/><\/a>\n\t\t\t<\/dt><\/dl><dl class='gallery-item'>\n\t\t\t<dt class='gallery-icon landscape'>\n\t\t\t\t<a href='https:\/\/coursdesurf.com\/wp-content\/uploads\/2020\/06\/aqualityschool_surf_portraitii_04.jpg'><img loading=\"lazy\" decoding=\"async\" width=\"400\" height=\"400\" src=\"https:\/\/coursdesurf.com\/wp-content\/uploads\/2020\/06\/aqualityschool_surf_portraitii_04-400x400.jpg\" class=\"attachment-thumbnail size-thumbnail\" alt=\"D\u00e9couvrez le surf avec Aquality C\u00f4te basque\" srcset=\"https:\/\/coursdesurf.com\/wp-content\/uploads\/2020\/06\/aqualityschool_surf_portraitii_04-400x400.jpg 400w, https:\/\/coursdesurf.com\/wp-content\/uploads\/2020\/06\/aqualityschool_surf_portraitii_04-450x450.jpg 450w, https:\/\/coursdesurf.com\/wp-content\/uploads\/2020\/06\/aqualityschool_surf_portraitii_04-100x100.jpg 100w\" sizes=\"auto, (max-width: 400px) 100vw, 400px\" \/><\/a>\n\t\t\t<\/dt><\/dl><br style=\"clear: both\" \/>\n\t\t<\/div>\n\n","protected":false},"excerpt":{"rendered":"","protected":false},"author":1,"featured_media":0,"parent":0,"menu_order":0,"comment_status":"closed","ping_status":"closed","template":"","meta":{"_acf_changed":false,"om_disable_all_campaigns":false,"_monsterinsights_skip_tracking":false,"_monsterinsights_sitenote_active":false,"_monsterinsights_sitenote_note":"","_monsterinsights_sitenote_category":0,"footnotes":""},"class_list":["post-2334","page","type-page","status-publish","hentry"],"acf":[],"aioseo_notices":[],"_links":{"self":[{"href":"https:\/\/coursdesurf.com\/en\/wp-json\/wp\/v2\/pages\/2334","targetHints":{"allow":["GET"]}}],"collection":[{"href":"https:\/\/coursdesurf.com\/en\/wp-json\/wp\/v2\/pages"}],"about":[{"href":"https:\/\/coursdesurf.com\/en\/wp-json\/wp\/v2\/types\/page"}],"author":[{"embeddable":true,"href":"https:\/\/coursdesurf.com\/en\/wp-json\/wp\/v2\/users\/1"}],"replies":[{"embeddable":true,"href":"https:\/\/coursdesurf.com\/en\/wp-json\/wp\/v2\/comments?post=2334"}],"version-history":[{"count":9,"href":"https:\/\/coursdesurf.com\/en\/wp-json\/wp\/v2\/pages\/2334\/revisions"}],"predecessor-version":[{"id":3023,"href":"https:\/\/coursdesurf.com\/en\/wp-json\/wp\/v2\/pages\/2334\/revisions\/3023"}],"wp:attachment":[{"href":"https:\/\/coursdesurf.com\/en\/wp-json\/wp\/v2\/media?parent=2334"}],"curies":[{"name":"wp","href":"https:\/\/api.w.org\/{rel}","templated":true}]}}