{"id":2636,"date":"2020-05-28T15:45:19","date_gmt":"2020-05-28T14:45:19","guid":{"rendered":"https:\/\/coursdesurf.com\/?post_type=product&#038;p=2636"},"modified":"2021-02-15T10:14:19","modified_gmt":"2021-02-15T09:14:19","slug":"cours-individuel-snorkeling-ou-apnee-pour-1-personne-2","status":"publish","type":"product","link":"https:\/\/coursdesurf.com\/en\/produit\/cours-individuel-snorkeling-ou-apnee-pour-1-personne-2\/","title":{"rendered":"Private Snorkeling or Apnea lesson for 1 person"},"content":{"rendered":"<p><\/p>\n<p><strong>Bon cadeau pour 1 cours particulier de Snorkeling ou Apn\u00e9e pour 1 personne, prenez RDV aupr\u00e8s de Fabrice au 06 89 59 16 43<\/strong><\/p>\n<p>Le Tarif comprend :<\/p>\n<ul>\n<li>un cours de 1h30 dans l\u2019eau (1h en Juillet et en Ao\u00fbt)<\/li>\n<li>un moniteur de Surf Dipl\u00f4m\u00e9 d\u2019\u00e9tat<\/li>\n<li>le mat\u00e9riel: planche et combinaison<\/li>\n<li>une Assurance en Responsabilit\u00e9 Civile<\/li>\n<li>le transport depuis un point de RDV jusqu\u2019au lieu de pratique<\/li>\n<\/ul>\n<p>Pr\u00e9voyez\u00a0:<\/p>\n<ul>\n<li>une serviette<\/li>\n<li>un maillot de bain<\/li>\n<li>de la cr\u00e8me solaire<\/li>\n<li>\u00e9ventuellement un go\u00fbter pour les enfants<\/li>\n<li class=\"Standard\">le solde de la r\u00e9servation (ch\u00e8que, esp\u00e8ces, ch\u00e8ques vacances et coupons sport ANCV)<\/li>\n<\/ul>\n<p><\/p>","protected":false},"excerpt":{"rendered":"<p><strong>1 private Snorkeling or Apnea lesson<\/strong><br \/>\nfor 1 person<\/p>\n","protected":false},"featured_media":2931,"comment_status":"closed","ping_status":"closed","template":"","meta":{"_acf_changed":false,"om_disable_all_campaigns":false,"_monsterinsights_skip_tracking":false,"_monsterinsights_sitenote_active":false,"_monsterinsights_sitenote_note":"","_monsterinsights_sitenote_category":0},"product_cat":[30],"product_tag":[],"class_list":{"0":"post-2636","1":"product","2":"type-product","3":"status-publish","4":"has-post-thumbnail","6":"product_cat-bons-cadeaux","8":"first","9":"instock","10":"downloadable","11":"virtual","12":"purchasable","13":"product-type-simple"},"acf":[],"aioseo_notices":[],"_links":{"self":[{"href":"https:\/\/coursdesurf.com\/en\/wp-json\/wp\/v2\/product\/2636","targetHints":{"allow":["GET"]}}],"collection":[{"href":"https:\/\/coursdesurf.com\/en\/wp-json\/wp\/v2\/product"}],"about":[{"href":"https:\/\/coursdesurf.com\/en\/wp-json\/wp\/v2\/types\/product"}],"replies":[{"embeddable":true,"href":"https:\/\/coursdesurf.com\/en\/wp-json\/wp\/v2\/comments?post=2636"}],"wp:featuredmedia":[{"embeddable":true,"href":"https:\/\/coursdesurf.com\/en\/wp-json\/wp\/v2\/media\/2931"}],"wp:attachment":[{"href":"https:\/\/coursdesurf.com\/en\/wp-json\/wp\/v2\/media?parent=2636"}],"wp:term":[{"taxonomy":"product_cat","embeddable":true,"href":"https:\/\/coursdesurf.com\/en\/wp-json\/wp\/v2\/product_cat?post=2636"},{"taxonomy":"product_tag","embeddable":true,"href":"https:\/\/coursdesurf.com\/en\/wp-json\/wp\/v2\/product_tag?post=2636"}],"curies":[{"name":"wp","href":"https:\/\/api.w.org\/{rel}","templated":true}]}}